{"id":921,"date":"2022-02-02T13:26:06","date_gmt":"2022-02-02T12:26:06","guid":{"rendered":"http:\/\/hundeschule-foederlach.at.cloud9-vm104.server-routing.com\/?page_id=9"},"modified":"2022-02-02T13:26:06","modified_gmt":"2022-02-02T12:26:06","slug":"home","status":"publish","type":"page","link":"https:\/\/hundeschule-foederlach.at\/","title":{"rendered":"Home"},"content":{"rendered":"\n<div class=\"wp-block-columns is-layout-flex wp-container-core-columns-is-layout-9d6595d7 wp-block-columns-is-layout-flex\">\n<div class=\"wp-block-column is-layout-flow wp-block-column-is-layout-flow\" style=\"flex-basis: 100%;\">&nbsp;<\/div>\n<\/div>\n\n\n\n<div class=\"wp-block-columns is-layout-flex wp-container-core-columns-is-layout-9d6595d7 wp-block-columns-is-layout-flex\">\n<div class=\"wp-block-column is-layout-flow wp-block-column-is-layout-flow\" style=\"flex-basis: 33.33%;\">\n<figure class=\"wp-block-image size-full is-resized\"><img loading=\"lazy\" decoding=\"async\" class=\"wp-image-191\" style=\"width: 186px; height: 280px;\" src=\"http:\/\/hundeschule-foederlach.at\/wp-content\/uploads\/2023\/05\/Friedrich_Weissensteiner.jpg\" alt=\"\" width=\"186\" height=\"280\" srcset=\"https:\/\/hundeschule-foederlach.at\/wp-content\/uploads\/2023\/05\/Friedrich_Weissensteiner.jpg 255w, https:\/\/hundeschule-foederlach.at\/wp-content\/uploads\/2023\/05\/Friedrich_Weissensteiner-199x300.jpg 199w\" sizes=\"auto, (max-width: 186px) 100vw, 186px\" \/>\n<figcaption class=\"wp-element-caption\">Friedrich WEISSENSTEINER Vorsitzender<\/figcaption>\n<\/figure>\n<\/div>\n\n\n\n<div class=\"wp-block-column is-layout-flow wp-block-column-is-layout-flow\" style=\"flex-basis: 66.66%;\">\n<h2 id=\"als-vorsitzender-des-kynologischen-vereins-fur-das-land-karnten-begrusse-ich-sie-recht-herzlich-auf-unserer-website\" class=\"wp-block-heading\">Als Vorsitzender des Kynologischen Vereins f\u00fcr das Land K\u00e4rnten begr\u00fc\u00dfe ich Sie recht herzlich auf unserer Website<\/h2>\n<\/div>\n<\/div>\n\n\n\n<p>Urspr\u00fcnglich wurde der Verein von Herrn Hubert Leder 1972 f\u00fcr die Durchf\u00fchrung der Internationalen Hundeausstellung Klagenfurt gegr\u00fcndet. Die Hundeschule F\u00f6derlach begann 1980 mit der Hundeausbildung. Besonders liegt uns die tierschutzgerechte Ausbildung am Herzen.<\/p>\n\n\n\n<p>Wir sind sehr stolz, dass sehr viele Hundebesitzer immer wieder die Ausbildungskurse unserer Hundeschule besuchen und auch sehr erfolgreich an unseren Abschlusspr\u00fcfungen teilnehmen.<\/p>\n\n\n\n<p>Unser Vereinsgel\u00e4nde liegt direkt neben der F\u00f6derlacher Draubr\u00fccke. Entlang der Drau gibt es viele M\u00f6glichkeiten, mit dem Hund ausgiebig spazieren zu gehen.<\/p>\n\n\n\n<p>Wir werden stets bem\u00fcht sein, die Homepage auf dem neuesten Stand zu halten. Die genauen Informationen sind den einzelnen Seiten zu entnehmen.<\/p>\n\n\n\n<p>Friedrich Weissensteiner<\/p>\n","protected":false},"excerpt":{"rendered":"<p>&nbsp; Als Vorsitzender des Kynologischen Vereins f\u00fcr das Land K\u00e4rnten begr\u00fc\u00dfe ich Sie recht herzlich auf unserer Website Urspr\u00fcnglich wurde der Verein von Herrn Hubert [&#8230;]<\/p>\n","protected":false},"author":1,"featured_media":0,"parent":0,"menu_order":0,"comment_status":"closed","ping_status":"closed","template":"templates\/template-sidebar-right.php","meta":{"ngg_post_thumbnail":0,"footnotes":""},"class_list":["post-921","page","type-page","status-publish","hentry"],"_links":{"self":[{"href":"https:\/\/hundeschule-foederlach.at\/index.php?rest_route=\/wp\/v2\/pages\/921","targetHints":{"allow":["GET"]}}],"collection":[{"href":"https:\/\/hundeschule-foederlach.at\/index.php?rest_route=\/wp\/v2\/pages"}],"about":[{"href":"https:\/\/hundeschule-foederlach.at\/index.php?rest_route=\/wp\/v2\/types\/page"}],"author":[{"embeddable":true,"href":"https:\/\/hundeschule-foederlach.at\/index.php?rest_route=\/wp\/v2\/users\/1"}],"replies":[{"embeddable":true,"href":"https:\/\/hundeschule-foederlach.at\/index.php?rest_route=%2Fwp%2Fv2%2Fcomments&post=921"}],"version-history":[{"count":0,"href":"https:\/\/hundeschule-foederlach.at\/index.php?rest_route=\/wp\/v2\/pages\/921\/revisions"}],"wp:attachment":[{"href":"https:\/\/hundeschule-foederlach.at\/index.php?rest_route=%2Fwp%2Fv2%2Fmedia&parent=921"}],"curies":[{"name":"wp","href":"https:\/\/api.w.org\/{rel}","templated":true}]}}