{"id":680,"date":"2022-02-02T14:27:43","date_gmt":"2022-02-02T13:27:43","guid":{"rendered":"http:\/\/hundeschule-foederlach.at.cloud9-vm104.server-routing.com\/?page_id=24"},"modified":"2026-01-29T17:13:05","modified_gmt":"2026-01-29T16:13:05","slug":"team","status":"publish","type":"page","link":"https:\/\/hundeschule-foederlach.at\/?page_id=680","title":{"rendered":"Team"},"content":{"rendered":"\n<h2 class=\"wp-block-heading has-text-align-center\">VEREINSVORSTAND<\/h2>\n\n\n\n<div class=\"wp-block-columns is-layout-flex wp-container-core-columns-is-layout-9d6595d7 wp-block-columns-is-layout-flex\">\n<div class=\"wp-block-column is-layout-flow wp-block-column-is-layout-flow\">\n<div class=\"wp-block-columns is-layout-flex wp-container-core-columns-is-layout-9d6595d7 wp-block-columns-is-layout-flex\">\n<div class=\"wp-block-column is-layout-flow wp-block-column-is-layout-flow\">\n<figure class=\"wp-block-image size-full has-custom-border is-style-rounded\"><img loading=\"lazy\" decoding=\"async\" width=\"832\" height=\"1156\" src=\"https:\/\/hundeschule-foederlach.at\/wp-content\/uploads\/2025\/03\/A-Friedl-1.jpg\" alt=\"\" class=\"wp-image-1240\" style=\"border-style:none;border-width:0px;border-radius:20px;box-shadow:var(--wp--preset--shadow--natural);aspect-ratio:3\/4;object-fit:cover\" srcset=\"https:\/\/hundeschule-foederlach.at\/wp-content\/uploads\/2025\/03\/A-Friedl-1.jpg 832w, https:\/\/hundeschule-foederlach.at\/wp-content\/uploads\/2025\/03\/A-Friedl-1-216x300.jpg 216w, https:\/\/hundeschule-foederlach.at\/wp-content\/uploads\/2025\/03\/A-Friedl-1-737x1024.jpg 737w, https:\/\/hundeschule-foederlach.at\/wp-content\/uploads\/2025\/03\/A-Friedl-1-768x1067.jpg 768w\" sizes=\"auto, (max-width: 832px) 100vw, 832px\" \/><\/figure>\n\n\n\n<p class=\"has-medium-font-size\" style=\"padding-right:var(--wp--preset--spacing--40);padding-left:var(--wp--preset--spacing--40);line-height:1\"><strong>Friedrich WEISSENSTEINER<\/strong><br><em>Vorsitzender, Leistungsrichter i.R.<\/em><\/p>\n<\/div>\n\n\n\n<div class=\"wp-block-column is-layout-flow wp-block-column-is-layout-flow\">\n<figure class=\"wp-block-image size-full has-custom-border is-style-rounded\"><img loading=\"lazy\" decoding=\"async\" width=\"1032\" height=\"1476\" src=\"https:\/\/hundeschule-foederlach.at\/wp-content\/uploads\/2025\/03\/NESI_e-1.jpg\" alt=\"\" class=\"wp-image-1241\" style=\"border-style:none;border-width:0px;border-radius:20px;box-shadow:var(--wp--preset--shadow--natural);aspect-ratio:3\/4;object-fit:cover\" srcset=\"https:\/\/hundeschule-foederlach.at\/wp-content\/uploads\/2025\/03\/NESI_e-1.jpg 1032w, https:\/\/hundeschule-foederlach.at\/wp-content\/uploads\/2025\/03\/NESI_e-1-210x300.jpg 210w, https:\/\/hundeschule-foederlach.at\/wp-content\/uploads\/2025\/03\/NESI_e-1-716x1024.jpg 716w, https:\/\/hundeschule-foederlach.at\/wp-content\/uploads\/2025\/03\/NESI_e-1-768x1098.jpg 768w\" sizes=\"auto, (max-width: 1032px) 100vw, 1032px\" \/><\/figure>\n\n\n\n<p class=\"has-medium-font-size\" style=\"padding-right:var(--wp--preset--spacing--40);padding-left:var(--wp--preset--spacing--40);line-height:1\"><strong>Agnes WEISSENSTEINER<\/strong><br><em>Kassaf\u00fchrung<\/em><\/p>\n<\/div>\n<\/div>\n\n\n\n<div class=\"wp-block-columns is-layout-flex wp-container-core-columns-is-layout-9d6595d7 wp-block-columns-is-layout-flex\">\n<div class=\"wp-block-column is-layout-flow wp-block-column-is-layout-flow\">\n<figure class=\"wp-block-image size-full has-custom-border is-style-rounded\"><img loading=\"lazy\" decoding=\"async\" width=\"576\" height=\"768\" src=\"https:\/\/hundeschule-foederlach.at\/wp-content\/uploads\/2023\/11\/P1000957-002.jpg\" alt=\"\" class=\"wp-image-597\" style=\"border-style:none;border-width:0px;border-radius:20px;box-shadow:var(--wp--preset--shadow--natural);aspect-ratio:3\/4;object-fit:cover\" srcset=\"https:\/\/hundeschule-foederlach.at\/wp-content\/uploads\/2023\/11\/P1000957-002.jpg 576w, https:\/\/hundeschule-foederlach.at\/wp-content\/uploads\/2023\/11\/P1000957-002-225x300.jpg 225w\" sizes=\"auto, (max-width: 576px) 100vw, 576px\" \/><\/figure>\n\n\n\n<p class=\"has-medium-font-size\" style=\"padding-right:var(--wp--preset--spacing--40);padding-left:var(--wp--preset--spacing--40);line-height:1\"><strong>Rosmarie KAIDISCH<\/strong><br><em>Schriftf\u00fchrung, \u00d6KV-Trainerin<\/em><\/p>\n<\/div>\n\n\n\n<div class=\"wp-block-column is-layout-flow wp-block-column-is-layout-flow\">\n<figure class=\"wp-block-image size-dynamico-portrait has-custom-border is-style-rounded\"><img loading=\"lazy\" decoding=\"async\" width=\"900\" height=\"1200\" src=\"https:\/\/hundeschule-foederlach.at\/wp-content\/uploads\/2025\/02\/J.Stockenbojer-1-900x1200.jpg\" alt=\"\" class=\"wp-image-1115\" style=\"border-radius:20px;box-shadow:var(--wp--preset--shadow--natural);aspect-ratio:3\/4;object-fit:cover\"\/><\/figure>\n\n\n\n<p class=\"has-medium-font-size\" style=\"padding-top:0;padding-right:var(--wp--preset--spacing--40);padding-bottom:0;padding-left:var(--wp--preset--spacing--40);line-height:1\"><strong>Josef STOCKENBOJER<\/strong><br><em>Vorsitzender-\/Kassier Stellvertreter<\/em><\/p>\n<\/div>\n<\/div>\n\n\n\n<div class=\"wp-block-columns is-layout-flex wp-container-core-columns-is-layout-9d6595d7 wp-block-columns-is-layout-flex\">\n<div class=\"wp-block-column is-layout-flow wp-block-column-is-layout-flow\">\n<figure class=\"wp-block-image size-full has-custom-border is-style-rounded\"><img loading=\"lazy\" decoding=\"async\" width=\"699\" height=\"885\" src=\"https:\/\/hundeschule-foederlach.at\/wp-content\/uploads\/2025\/02\/Kerstin.jpg\" alt=\"\" class=\"wp-image-1124\" style=\"border-radius:20px;box-shadow:var(--wp--preset--shadow--natural);aspect-ratio:3\/4;object-fit:cover\" srcset=\"https:\/\/hundeschule-foederlach.at\/wp-content\/uploads\/2025\/02\/Kerstin.jpg 699w, https:\/\/hundeschule-foederlach.at\/wp-content\/uploads\/2025\/02\/Kerstin-237x300.jpg 237w\" sizes=\"auto, (max-width: 699px) 100vw, 699px\" \/><\/figure>\n\n\n\n<p class=\"has-medium-font-size\" style=\"padding-top:0;padding-right:var(--wp--preset--spacing--40);padding-bottom:0;padding-left:var(--wp--preset--spacing--40);line-height:1\"><strong>Kerstin ANDERWALD<\/strong><br><em>Schriftf\u00fchrung-Stellvertreterin, Ausbildungsreferent-Vertretung, Kursleiterin<\/em><\/p>\n<\/div>\n\n\n\n<div class=\"wp-block-column is-layout-flow wp-block-column-is-layout-flow\">\n<figure class=\"wp-block-image size-full has-custom-border is-style-rounded\"><img loading=\"lazy\" decoding=\"async\" width=\"996\" height=\"1600\" src=\"https:\/\/hundeschule-foederlach.at\/wp-content\/uploads\/2025\/02\/Andreas-Enzi-1.jpg\" alt=\"\" class=\"wp-image-1118\" style=\"border-style:none;border-width:0px;border-radius:20px;box-shadow:var(--wp--preset--shadow--natural);aspect-ratio:3\/4;object-fit:cover\" srcset=\"https:\/\/hundeschule-foederlach.at\/wp-content\/uploads\/2025\/02\/Andreas-Enzi-1.jpg 996w, https:\/\/hundeschule-foederlach.at\/wp-content\/uploads\/2025\/02\/Andreas-Enzi-1-187x300.jpg 187w, https:\/\/hundeschule-foederlach.at\/wp-content\/uploads\/2025\/02\/Andreas-Enzi-1-637x1024.jpg 637w, https:\/\/hundeschule-foederlach.at\/wp-content\/uploads\/2025\/02\/Andreas-Enzi-1-768x1234.jpg 768w, https:\/\/hundeschule-foederlach.at\/wp-content\/uploads\/2025\/02\/Andreas-Enzi-1-956x1536.jpg 956w\" sizes=\"auto, (max-width: 996px) 100vw, 996px\" \/><\/figure>\n\n\n\n<p class=\"has-medium-font-size\" style=\"padding-right:var(--wp--preset--spacing--40);padding-left:var(--wp--preset--spacing--40);line-height:1\"><strong>Andreas ENZI<\/strong><br><em>Beirat, Ausbildungsreferent, Kursleiter, Vereinstechniker<\/em><\/p>\n<\/div>\n<\/div>\n<\/div>\n<\/div>\n\n\n\n<h2 class=\"wp-block-heading has-text-align-center\">ERWEITERTES TEAM<\/h2>\n\n\n\n<div class=\"wp-block-columns is-layout-flex wp-container-core-columns-is-layout-9d6595d7 wp-block-columns-is-layout-flex\">\n<div class=\"wp-block-column is-layout-flow wp-block-column-is-layout-flow\">\n<figure class=\"wp-block-image size-dynamico-portrait has-custom-border is-style-rounded\"><img loading=\"lazy\" decoding=\"async\" width=\"900\" height=\"1200\" src=\"https:\/\/hundeschule-foederlach.at\/wp-content\/uploads\/2025\/02\/Monika-Sitter-900x1200.jpg\" alt=\"\" class=\"wp-image-1120\" style=\"border-radius:20px;box-shadow:var(--wp--preset--shadow--natural);aspect-ratio:3\/4;object-fit:cover\"\/><\/figure>\n\n\n\n<p class=\"has-medium-font-size\" style=\"padding-top:0;padding-right:var(--wp--preset--spacing--40);padding-bottom:0;padding-left:var(--wp--preset--spacing--40);line-height:1\"><strong>Monika SITTER<\/strong><br><em>Anlagenbetreuerin<\/em><\/p>\n<\/div>\n\n\n\n<div class=\"wp-block-column is-layout-flow wp-block-column-is-layout-flow\">\n<figure class=\"wp-block-image size-dynamico-portrait has-custom-border is-style-rounded\"><img loading=\"lazy\" decoding=\"async\" width=\"900\" height=\"1200\" src=\"https:\/\/hundeschule-foederlach.at\/wp-content\/uploads\/2026\/01\/Conny-900x1200.png\" alt=\"\" class=\"wp-image-1616\" style=\"border-radius:20px;box-shadow:var(--wp--preset--shadow--natural);aspect-ratio:3\/4;object-fit:cover\"\/><\/figure>\n\n\n\n<p class=\"has-medium-font-size\" style=\"padding-top:0;padding-right:var(--wp--preset--spacing--40);padding-bottom:0;padding-left:var(--wp--preset--spacing--40);line-height:1\"><strong>Conny LEXE<\/strong><br><em>Kursleiterin<\/em><\/p>\n<\/div>\n<\/div>\n","protected":false},"excerpt":{"rendered":"<p>VEREINSVORSTAND Friedrich WEISSENSTEINERVorsitzender, Leistungsrichter i.R. Agnes WEISSENSTEINERKassaf\u00fchrung Rosmarie KAIDISCHSchriftf\u00fchrung, \u00d6KV-Trainerin Josef STOCKENBOJERVorsitzender-\/Kassier Stellvertreter Kerstin ANDERWALDSchriftf\u00fchrung-Stellvertreterin, Ausbildungsreferent-Vertretung, Kursleiterin Andreas ENZIBeirat, Ausbildungsreferent, Kursleiter, Vereinstechniker ERWEITERTES TEAM Monika [&#8230;]<\/p>\n","protected":false},"author":1,"featured_media":0,"parent":0,"menu_order":0,"comment_status":"closed","ping_status":"closed","template":"templates\/template-sidebar-right.php","meta":{"ngg_post_thumbnail":0,"footnotes":""},"class_list":["post-680","page","type-page","status-publish","hentry"],"_links":{"self":[{"href":"https:\/\/hundeschule-foederlach.at\/index.php?rest_route=\/wp\/v2\/pages\/680","targetHints":{"allow":["GET"]}}],"collection":[{"href":"https:\/\/hundeschule-foederlach.at\/index.php?rest_route=\/wp\/v2\/pages"}],"about":[{"href":"https:\/\/hundeschule-foederlach.at\/index.php?rest_route=\/wp\/v2\/types\/page"}],"author":[{"embeddable":true,"href":"https:\/\/hundeschule-foederlach.at\/index.php?rest_route=\/wp\/v2\/users\/1"}],"replies":[{"embeddable":true,"href":"https:\/\/hundeschule-foederlach.at\/index.php?rest_route=%2Fwp%2Fv2%2Fcomments&post=680"}],"version-history":[{"count":19,"href":"https:\/\/hundeschule-foederlach.at\/index.php?rest_route=\/wp\/v2\/pages\/680\/revisions"}],"predecessor-version":[{"id":1615,"href":"https:\/\/hundeschule-foederlach.at\/index.php?rest_route=\/wp\/v2\/pages\/680\/revisions\/1615"}],"wp:attachment":[{"href":"https:\/\/hundeschule-foederlach.at\/index.php?rest_route=%2Fwp%2Fv2%2Fmedia&parent=680"}],"curies":[{"name":"wp","href":"https:\/\/api.w.org\/{rel}","templated":true}]}}