{"id":679,"date":"2022-02-02T14:27:02","date_gmt":"2022-02-02T13:27:02","guid":{"rendered":"http:\/\/hundeschule-foederlach.at.cloud9-vm104.server-routing.com\/?page_id=22"},"modified":"2022-02-02T14:27:02","modified_gmt":"2022-02-02T13:27:02","slug":"platzordnung","status":"publish","type":"page","link":"https:\/\/hundeschule-foederlach.at\/?page_id=679","title":{"rendered":"Platzordnung"},"content":{"rendered":"\n<ul class=\"wp-block-list\">\n<li>Das Benutzen des Platzes ist nur Vereinsmitgliedern, welche f\u00fcr das laufende Jahr den Mitgliedsbeitrag und f\u00fcr Kursbesucher der laufenden Kurse, die den Unkostenbeitrag entrichtet haben, gestattet.<\/li>\n\n\n\n<li>Der Platz darf nur mit angeleintem Hund betreten werden.<\/li>\n\n\n\n<li>Der Platz darf zum selbst\u00e4ndigen Training, au\u00dferhalb der Kurszeiten und wenn der Platz nicht von einen Funktion\u00e4r ben\u00f6tigt wird, ben\u00fctzt werden.<\/li>\n\n\n\n<li>Privattraining am Ausbildungsgel\u00e4nde ist nur mit Ausbildungswarten des KVK erlaubt.<\/li>\n\n\n\n<li>Schutzarbeit ist nur mit Schutzhelfer des KVK erlaubt.<\/li>\n\n\n\n<li>Das F\u00e4hrtengel\u00e4nde darf nur im Beisein eines Funktion\u00e4rs des KVK ben\u00fctzt werden.<\/li>\n\n\n\n<li>Die Breitensportger\u00e4te d\u00fcrfen nur unter Aufsicht eines Trainers und auf eigene Gefahr ben\u00fctzt werden. F\u00fcr eventuelle Verletzungen des Hundef\u00fchrers oder des Hundes \u00fcbernimmt der Verein keine Haftung.<\/li>\n\n\n\n<li>Die am Vereinsgel\u00e4nde aufgestellten Hundeboxen sind vermietet und d\u00fcrfen nur in Absprache mit dem Mieter ben\u00fctzt werden.<\/li>\n\n\n\n<li>Der Welpengarten dient ausschlie\u00dflich zur Abhaltung des Welpenkurses und darf nicht als Aufbewahrungsort der Hunde ben\u00fctzt werden.<\/li>\n\n\n\n<li>Anweisungen der Funktion\u00e4re sind unbedingt zu befolgen.<\/li>\n\n\n\n<li>Jeder Hundef\u00fchrer tr\u00e4gt die Verantwortung f\u00fcr seinen Hund und haftet f\u00fcr s\u00e4mtliche Sch\u00e4den, die durch seinen Hund entstehen.<\/li>\n\n\n\n<li>Jeder Hund muss eine Haftpflichtversicherung und eine g\u00fcltige Tollwutimpfung besitzen.<\/li>\n\n\n\n<li>Misshandlungen des Hundes sind zu unterlassen und f\u00fchren zum Platzverweis.<\/li>\n\n\n\n<li>Hunde d\u00fcrfen nicht am Zaun angeh\u00e4ngt werden, zum Anh\u00e4ngen sind an der Betonwand Ringe vorgesehen.<\/li>\n\n\n\n<li>Die Werkszufahrten zu den Firmen Tann und Kostmann sind freizuhalten.<\/li>\n\n\n\n<li>Das Vereinshaus ist den Hundef\u00fchrern und ev. Begleitpersonen vorbehalten.<\/li>\n\n\n\n<li>Im Vereinshaus ist Rauchverbot!<\/li>\n\n\n\n<li>Im Zubau (Wintergarten) d\u00fcrfen die Hunde mitgenommen werden .<\/li>\n\n\n\n<li>Verunreinigungen des Platzes durch den Hund sind vom Hundef\u00fchrer sofort zu beseitigen.<\/li>\n\n\n\n<li>Zum Auslaufen und L\u00f6sen der Hunde besteht die M\u00f6glichkeit entlang des Radweges. Achtung: Im gesamten Bereich ist Leinenpflicht!<\/li>\n\n\n\n<li>Unn\u00f6tiges Gebell ist unbedingt zu vermeiden.<\/li>\n\n\n\n<li>Bei eventuellen Unklarheiten wenden Sie sich an Ihren Ausbildungswart.<\/li>\n<\/ul>\n","protected":false},"excerpt":{"rendered":"","protected":false},"author":1,"featured_media":0,"parent":0,"menu_order":0,"comment_status":"closed","ping_status":"closed","template":"templates\/template-sidebar-right.php","meta":{"ngg_post_thumbnail":0,"footnotes":""},"class_list":["post-679","page","type-page","status-publish","hentry"],"_links":{"self":[{"href":"https:\/\/hundeschule-foederlach.at\/index.php?rest_route=\/wp\/v2\/pages\/679","targetHints":{"allow":["GET"]}}],"collection":[{"href":"https:\/\/hundeschule-foederlach.at\/index.php?rest_route=\/wp\/v2\/pages"}],"about":[{"href":"https:\/\/hundeschule-foederlach.at\/index.php?rest_route=\/wp\/v2\/types\/page"}],"author":[{"embeddable":true,"href":"https:\/\/hundeschule-foederlach.at\/index.php?rest_route=\/wp\/v2\/users\/1"}],"replies":[{"embeddable":true,"href":"https:\/\/hundeschule-foederlach.at\/index.php?rest_route=%2Fwp%2Fv2%2Fcomments&post=679"}],"version-history":[{"count":0,"href":"https:\/\/hundeschule-foederlach.at\/index.php?rest_route=\/wp\/v2\/pages\/679\/revisions"}],"wp:attachment":[{"href":"https:\/\/hundeschule-foederlach.at\/index.php?rest_route=%2Fwp%2Fv2%2Fmedia&parent=679"}],"curies":[{"name":"wp","href":"https:\/\/api.w.org\/{rel}","templated":true}]}}