{"id":143,"date":"2022-02-25T10:06:00","date_gmt":"2022-02-25T09:06:00","guid":{"rendered":"http:\/\/hundeschule-foederlach.at.cloud9-vm104.server-routing.com\/?page_id=143"},"modified":"2026-03-08T13:29:06","modified_gmt":"2026-03-08T12:29:06","slug":"fotogalerie","status":"publish","type":"page","link":"https:\/\/hundeschule-foederlach.at\/?page_id=143","title":{"rendered":"Fotogalerie"},"content":{"rendered":"\n<div class=\"wp-block-group is-layout-constrained wp-block-group-is-layout-constrained\">\n<h2 class=\"wp-block-heading has-text-align-center has-large-font-size\">Fr\u00fchjahrskurs 2026<\/h2>\n\n\n\n\n\n\n\n<div class=\"wp-block-group is-layout-constrained wp-block-group-is-layout-constrained\">\n<h3 class=\"wp-block-heading has-text-align-left\">Einschreibung &#8211; Welpen, Junghunde, Anf\u00e4nger und Fortgeschrittene<\/h3>\n\n\n\nngg_shortcode_0_placeholder\n<\/div>\n<\/div>\n\n\n\n<hr class=\"wp-block-separator has-alpha-channel-opacity\"\/>\n\n\n\n<div class=\"wp-block-group is-layout-constrained wp-block-group-is-layout-constrained\">\n<h2 class=\"wp-block-heading has-text-align-center has-large-font-size\">Herbstkurs 2025<\/h2>\n\n\n\n<div class=\"wp-block-group is-layout-constrained wp-block-group-is-layout-constrained\">\n<h3 class=\"wp-block-heading has-text-align-left\">Abschlusspr\u00fcfung &#8211; Anf\u00e4nger und Fortgeschrittene<\/h3>\n\n\n\nngg_shortcode_1_placeholder\n<\/div>\n\n\n\n<div class=\"wp-block-group is-layout-constrained wp-block-group-is-layout-constrained\">\n<h3 class=\"wp-block-heading has-text-align-left\">Abschlusspr\u00fcfung &#8211; Welpen und Junghunde<\/h3>\n\n\n\nngg_shortcode_2_placeholder\n<\/div>\n\n\n\n<div class=\"wp-block-group is-layout-constrained wp-block-group-is-layout-constrained\">\n<h3 class=\"wp-block-heading has-text-align-left\">Einschreibung &amp; Kursbeginn &#8211; Welpen, Junghunde, Anf\u00e4nger und Fortgeschrittene<\/h3>\n\n\n\nngg_shortcode_3_placeholder\n<\/div>\n<\/div>\n\n\n\n<hr class=\"wp-block-separator has-alpha-channel-opacity\"\/>\n\n\n\n<div class=\"wp-block-group is-layout-constrained wp-block-group-is-layout-constrained\">\n<h2 class=\"wp-block-heading has-text-align-center has-large-font-size\">Fr\u00fchjahrskurs 2025<\/h2>\n\n\n\n<div class=\"wp-block-group is-layout-constrained wp-block-group-is-layout-constrained\">\n<h3 class=\"wp-block-heading has-text-align-left\">Abschlusspr\u00fcfung &#8211; Welpen, Junghunde, Anf\u00e4nger und Fortgeschrittene<\/h3>\n\n\n\nngg_shortcode_4_placeholder\n<\/div>\n\n\n\n<div class=\"wp-block-group is-layout-constrained wp-block-group-is-layout-constrained\">\n<h3 class=\"wp-block-heading has-text-align-left\">Einschreibung &amp; Kursbeginn &#8211; Welpen, Junghunde, Anf\u00e4nger und Fortgeschrittene<\/h3>\n\n\n\nngg_shortcode_5_placeholder\n<\/div>\n<\/div>\n\n\n\n<hr class=\"wp-block-separator has-alpha-channel-opacity\"\/>\n\n\n\n<div class=\"wp-block-group is-layout-constrained wp-block-group-is-layout-constrained\">\n<h2 class=\"wp-block-heading has-text-align-center has-large-font-size\">Herbstkurs 2024<\/h2>\n\n\n\n<div class=\"wp-block-group is-layout-constrained wp-block-group-is-layout-constrained\">\n<h3 class=\"wp-block-heading has-text-align-left\">Abschlusspr\u00fcfung  &#8211;  Welpen, Junghunde, Anf\u00e4nger und Fortgeschrittene<\/h3>\n\n\n\nngg_shortcode_6_placeholder\n<\/div>\n\n\n\n<div class=\"wp-block-group is-layout-constrained wp-block-group-is-layout-constrained\">\n<h3 class=\"wp-block-heading has-text-align-left\">Einschreibung &amp; Kursbeginn  &#8211;  Welpen, Junghunde, Anf\u00e4nger und Fortgeschrittene<\/h3>\n\n\n\nngg_shortcode_7_placeholder\n<\/div>\n<\/div>\n\n\n\n<hr class=\"wp-block-separator has-alpha-channel-opacity\"\/>\n\n\n\n<div class=\"wp-block-group is-layout-constrained wp-block-group-is-layout-constrained\">\n<h2 class=\"wp-block-heading has-text-align-center has-large-font-size\">Fr\u00fchjahrskurs 2024<\/h2>\n\n\n\n<div class=\"wp-block-group is-layout-constrained wp-block-group-is-layout-constrained\">\n<h3 class=\"wp-block-heading has-text-align-left\">Abschlusspr\u00fcfung  &#8211;  Welpen, Junghunde, Anf\u00e4nger und Fortgeschrittene<\/h3>\n\n\n\nngg_shortcode_8_placeholder\n<\/div>\n\n\n\n<div class=\"wp-block-group is-layout-constrained wp-block-group-is-layout-constrained\">\n<h3 class=\"wp-block-heading has-text-align-left\">Einschreibung &amp; Kursbeginn  &#8211;  Welpen, Junghunde, Anf\u00e4nger und Fortgeschrittene<\/h3>\n\n\n\n<figure class=\"wp-block-gallery has-nested-images columns-default is-cropped wp-block-gallery-1 is-layout-flex wp-block-gallery-is-layout-flex\">\n<figure class=\"wp-block-image size-large\"><img loading=\"lazy\" decoding=\"async\" width=\"1024\" height=\"681\" data-id=\"663\" src=\"https:\/\/hundeschule-foederlach.at\/wp-content\/uploads\/2024\/03\/K1024_DSC_0001-1024x681.jpg\" alt=\"\" class=\"wp-image-663\" srcset=\"https:\/\/hundeschule-foederlach.at\/wp-content\/uploads\/2024\/03\/K1024_DSC_0001-1024x681.jpg 1024w, https:\/\/hundeschule-foederlach.at\/wp-content\/uploads\/2024\/03\/K1024_DSC_0001-300x199.jpg 300w, https:\/\/hundeschule-foederlach.at\/wp-content\/uploads\/2024\/03\/K1024_DSC_0001-768x511.jpg 768w, https:\/\/hundeschule-foederlach.at\/wp-content\/uploads\/2024\/03\/K1024_DSC_0001.jpg 1155w\" sizes=\"auto, (max-width: 1024px) 100vw, 1024px\" \/><\/figure>\n\n\n\n<figure class=\"wp-block-image size-large\"><img loading=\"lazy\" decoding=\"async\" width=\"1024\" height=\"681\" data-id=\"664\" src=\"https:\/\/hundeschule-foederlach.at\/wp-content\/uploads\/2024\/03\/K1024_DSC_0002-1024x681.jpg\" alt=\"\" class=\"wp-image-664\" srcset=\"https:\/\/hundeschule-foederlach.at\/wp-content\/uploads\/2024\/03\/K1024_DSC_0002-1024x681.jpg 1024w, https:\/\/hundeschule-foederlach.at\/wp-content\/uploads\/2024\/03\/K1024_DSC_0002-300x199.jpg 300w, https:\/\/hundeschule-foederlach.at\/wp-content\/uploads\/2024\/03\/K1024_DSC_0002-768x511.jpg 768w, https:\/\/hundeschule-foederlach.at\/wp-content\/uploads\/2024\/03\/K1024_DSC_0002.jpg 1155w\" sizes=\"auto, (max-width: 1024px) 100vw, 1024px\" \/><\/figure>\n\n\n\n<figure class=\"wp-block-image size-large\"><img loading=\"lazy\" decoding=\"async\" width=\"1024\" height=\"681\" data-id=\"665\" src=\"https:\/\/hundeschule-foederlach.at\/wp-content\/uploads\/2024\/03\/K1024_DSC_0003-1024x681.jpg\" alt=\"\" class=\"wp-image-665\" srcset=\"https:\/\/hundeschule-foederlach.at\/wp-content\/uploads\/2024\/03\/K1024_DSC_0003-1024x681.jpg 1024w, https:\/\/hundeschule-foederlach.at\/wp-content\/uploads\/2024\/03\/K1024_DSC_0003-300x199.jpg 300w, https:\/\/hundeschule-foederlach.at\/wp-content\/uploads\/2024\/03\/K1024_DSC_0003-768x511.jpg 768w, https:\/\/hundeschule-foederlach.at\/wp-content\/uploads\/2024\/03\/K1024_DSC_0003.jpg 1155w\" sizes=\"auto, (max-width: 1024px) 100vw, 1024px\" \/><\/figure>\n\n\n\n<figure class=\"wp-block-image size-large\"><img loading=\"lazy\" decoding=\"async\" width=\"1024\" height=\"681\" data-id=\"668\" src=\"https:\/\/hundeschule-foederlach.at\/wp-content\/uploads\/2024\/03\/K1024_DSC_0005-1024x681.jpg\" alt=\"\" class=\"wp-image-668\" srcset=\"https:\/\/hundeschule-foederlach.at\/wp-content\/uploads\/2024\/03\/K1024_DSC_0005-1024x681.jpg 1024w, https:\/\/hundeschule-foederlach.at\/wp-content\/uploads\/2024\/03\/K1024_DSC_0005-300x199.jpg 300w, https:\/\/hundeschule-foederlach.at\/wp-content\/uploads\/2024\/03\/K1024_DSC_0005-768x511.jpg 768w, https:\/\/hundeschule-foederlach.at\/wp-content\/uploads\/2024\/03\/K1024_DSC_0005.jpg 1155w\" sizes=\"auto, (max-width: 1024px) 100vw, 1024px\" \/><\/figure>\n\n\n\n<figure class=\"wp-block-image size-large\"><img loading=\"lazy\" decoding=\"async\" width=\"1024\" height=\"681\" data-id=\"667\" src=\"https:\/\/hundeschule-foederlach.at\/wp-content\/uploads\/2024\/03\/K1024_DSC_0007-1024x681.jpg\" alt=\"\" class=\"wp-image-667\" srcset=\"https:\/\/hundeschule-foederlach.at\/wp-content\/uploads\/2024\/03\/K1024_DSC_0007-1024x681.jpg 1024w, https:\/\/hundeschule-foederlach.at\/wp-content\/uploads\/2024\/03\/K1024_DSC_0007-300x199.jpg 300w, https:\/\/hundeschule-foederlach.at\/wp-content\/uploads\/2024\/03\/K1024_DSC_0007-768x511.jpg 768w, https:\/\/hundeschule-foederlach.at\/wp-content\/uploads\/2024\/03\/K1024_DSC_0007.jpg 1155w\" sizes=\"auto, (max-width: 1024px) 100vw, 1024px\" \/><\/figure>\n\n\n\n<figure class=\"wp-block-image size-large\"><img loading=\"lazy\" decoding=\"async\" width=\"1024\" height=\"681\" data-id=\"666\" src=\"https:\/\/hundeschule-foederlach.at\/wp-content\/uploads\/2024\/03\/K1024_DSC_0008-1024x681.jpg\" alt=\"\" class=\"wp-image-666\" srcset=\"https:\/\/hundeschule-foederlach.at\/wp-content\/uploads\/2024\/03\/K1024_DSC_0008-1024x681.jpg 1024w, https:\/\/hundeschule-foederlach.at\/wp-content\/uploads\/2024\/03\/K1024_DSC_0008-300x199.jpg 300w, https:\/\/hundeschule-foederlach.at\/wp-content\/uploads\/2024\/03\/K1024_DSC_0008-768x511.jpg 768w, https:\/\/hundeschule-foederlach.at\/wp-content\/uploads\/2024\/03\/K1024_DSC_0008.jpg 1155w\" sizes=\"auto, (max-width: 1024px) 100vw, 1024px\" \/><\/figure>\n\n\n\n<figure class=\"wp-block-image size-large\"><img loading=\"lazy\" decoding=\"async\" width=\"1024\" height=\"681\" data-id=\"669\" src=\"https:\/\/hundeschule-foederlach.at\/wp-content\/uploads\/2024\/03\/K1024_DSC_0010-1024x681.jpg\" alt=\"\" class=\"wp-image-669\" srcset=\"https:\/\/hundeschule-foederlach.at\/wp-content\/uploads\/2024\/03\/K1024_DSC_0010-1024x681.jpg 1024w, https:\/\/hundeschule-foederlach.at\/wp-content\/uploads\/2024\/03\/K1024_DSC_0010-300x199.jpg 300w, https:\/\/hundeschule-foederlach.at\/wp-content\/uploads\/2024\/03\/K1024_DSC_0010-768x511.jpg 768w, https:\/\/hundeschule-foederlach.at\/wp-content\/uploads\/2024\/03\/K1024_DSC_0010.jpg 1155w\" sizes=\"auto, (max-width: 1024px) 100vw, 1024px\" \/><\/figure>\n\n\n\n<figure class=\"wp-block-image size-large\"><img loading=\"lazy\" decoding=\"async\" width=\"1024\" height=\"681\" data-id=\"670\" src=\"https:\/\/hundeschule-foederlach.at\/wp-content\/uploads\/2024\/03\/K1024_DSC_0011-1024x681.jpg\" alt=\"\" class=\"wp-image-670\" srcset=\"https:\/\/hundeschule-foederlach.at\/wp-content\/uploads\/2024\/03\/K1024_DSC_0011-1024x681.jpg 1024w, https:\/\/hundeschule-foederlach.at\/wp-content\/uploads\/2024\/03\/K1024_DSC_0011-300x199.jpg 300w, https:\/\/hundeschule-foederlach.at\/wp-content\/uploads\/2024\/03\/K1024_DSC_0011-768x511.jpg 768w, https:\/\/hundeschule-foederlach.at\/wp-content\/uploads\/2024\/03\/K1024_DSC_0011.jpg 1155w\" sizes=\"auto, (max-width: 1024px) 100vw, 1024px\" \/><\/figure>\n\n\n\n<figure class=\"wp-block-image size-large\"><img loading=\"lazy\" decoding=\"async\" width=\"1024\" height=\"681\" data-id=\"671\" src=\"https:\/\/hundeschule-foederlach.at\/wp-content\/uploads\/2024\/03\/K1024_DSC_0012-1024x681.jpg\" alt=\"\" class=\"wp-image-671\" srcset=\"https:\/\/hundeschule-foederlach.at\/wp-content\/uploads\/2024\/03\/K1024_DSC_0012-1024x681.jpg 1024w, https:\/\/hundeschule-foederlach.at\/wp-content\/uploads\/2024\/03\/K1024_DSC_0012-300x199.jpg 300w, https:\/\/hundeschule-foederlach.at\/wp-content\/uploads\/2024\/03\/K1024_DSC_0012-768x511.jpg 768w, https:\/\/hundeschule-foederlach.at\/wp-content\/uploads\/2024\/03\/K1024_DSC_0012.jpg 1155w\" sizes=\"auto, (max-width: 1024px) 100vw, 1024px\" \/><\/figure>\n\n\n\n<figure class=\"wp-block-image size-large\"><img decoding=\"async\" data-id=\"679\" src=\"https:\/\/hundeschule-foederlach.at\/wp-content\/uploads\/2024\/03\/K1024_DSC_0015-1024x681.jpg\" alt=\"\" class=\"wp-image-679\"\/><\/figure>\n\n\n\n<figure class=\"wp-block-image size-large\"><img decoding=\"async\" data-id=\"675\" src=\"https:\/\/hundeschule-foederlach.at\/wp-content\/uploads\/2024\/03\/K1024_DSC_0017-1024x681.jpg\" alt=\"\" class=\"wp-image-675\"\/><\/figure>\n\n\n\n<figure class=\"wp-block-image size-large\"><img decoding=\"async\" data-id=\"678\" src=\"https:\/\/hundeschule-foederlach.at\/wp-content\/uploads\/2024\/03\/K1024_DSC_0019-1024x681.jpg\" alt=\"\" class=\"wp-image-678\"\/><\/figure>\n\n\n\n<figure class=\"wp-block-image size-large\"><img decoding=\"async\" data-id=\"677\" src=\"https:\/\/hundeschule-foederlach.at\/wp-content\/uploads\/2024\/03\/K1024_DSC_0026-1024x681.jpg\" alt=\"\" class=\"wp-image-677\"\/><\/figure>\n\n\n\n<figure class=\"wp-block-image size-large\"><img loading=\"lazy\" decoding=\"async\" width=\"1024\" height=\"681\" data-id=\"672\" src=\"https:\/\/hundeschule-foederlach.at\/wp-content\/uploads\/2024\/03\/K1024_DSC_0028-1-1024x681.jpg\" alt=\"\" class=\"wp-image-672\" srcset=\"https:\/\/hundeschule-foederlach.at\/wp-content\/uploads\/2024\/03\/K1024_DSC_0028-1-1024x681.jpg 1024w, https:\/\/hundeschule-foederlach.at\/wp-content\/uploads\/2024\/03\/K1024_DSC_0028-1-300x199.jpg 300w, https:\/\/hundeschule-foederlach.at\/wp-content\/uploads\/2024\/03\/K1024_DSC_0028-1-768x511.jpg 768w, https:\/\/hundeschule-foederlach.at\/wp-content\/uploads\/2024\/03\/K1024_DSC_0028-1.jpg 1155w\" sizes=\"auto, (max-width: 1024px) 100vw, 1024px\" \/><\/figure>\n\n\n\n<figure class=\"wp-block-image size-large\"><img loading=\"lazy\" decoding=\"async\" width=\"1024\" height=\"681\" data-id=\"674\" src=\"https:\/\/hundeschule-foederlach.at\/wp-content\/uploads\/2024\/03\/K1024_DSC_0030-1024x681.jpg\" alt=\"\" class=\"wp-image-674\" srcset=\"https:\/\/hundeschule-foederlach.at\/wp-content\/uploads\/2024\/03\/K1024_DSC_0030-1024x681.jpg 1024w, https:\/\/hundeschule-foederlach.at\/wp-content\/uploads\/2024\/03\/K1024_DSC_0030-300x199.jpg 300w, https:\/\/hundeschule-foederlach.at\/wp-content\/uploads\/2024\/03\/K1024_DSC_0030-768x511.jpg 768w, https:\/\/hundeschule-foederlach.at\/wp-content\/uploads\/2024\/03\/K1024_DSC_0030.jpg 1155w\" sizes=\"auto, (max-width: 1024px) 100vw, 1024px\" \/><\/figure>\n\n\n\n<figure class=\"wp-block-image size-large\"><img decoding=\"async\" data-id=\"676\" src=\"https:\/\/hundeschule-foederlach.at\/wp-content\/uploads\/2024\/03\/K1024_DSC_0033-1024x681.jpg\" alt=\"\" class=\"wp-image-676\"\/><\/figure>\n\n\n\n<figure class=\"wp-block-image size-large\"><img loading=\"lazy\" decoding=\"async\" width=\"1024\" height=\"681\" data-id=\"673\" src=\"https:\/\/hundeschule-foederlach.at\/wp-content\/uploads\/2024\/03\/K1024_DSC_0036-1-1024x681.jpg\" alt=\"\" class=\"wp-image-673\" srcset=\"https:\/\/hundeschule-foederlach.at\/wp-content\/uploads\/2024\/03\/K1024_DSC_0036-1-1024x681.jpg 1024w, https:\/\/hundeschule-foederlach.at\/wp-content\/uploads\/2024\/03\/K1024_DSC_0036-1-300x199.jpg 300w, https:\/\/hundeschule-foederlach.at\/wp-content\/uploads\/2024\/03\/K1024_DSC_0036-1-768x511.jpg 768w, https:\/\/hundeschule-foederlach.at\/wp-content\/uploads\/2024\/03\/K1024_DSC_0036-1.jpg 1155w\" sizes=\"auto, (max-width: 1024px) 100vw, 1024px\" \/><\/figure>\n<\/figure>\n<\/div>\n<\/div>\n","protected":false},"excerpt":{"rendered":"<p>Fr\u00fchjahrskurs 2026 Abschlusspr\u00fcfung &#8211; Anf\u00e4nger und Fortgeschrittene Abschlusspr\u00fcfung &#8211; Welpen und Junghunde Einschreibung &#8211; Welpen, Junghunde, Anf\u00e4nger und Fortgeschrittene Herbstkurs 2025 Abschlusspr\u00fcfung &#8211; Anf\u00e4nger und [&#8230;]<\/p>\n","protected":false},"author":1,"featured_media":0,"parent":0,"menu_order":0,"comment_status":"closed","ping_status":"closed","template":"","meta":{"ngg_post_thumbnail":0,"footnotes":""},"class_list":["post-143","page","type-page","status-publish","hentry"],"_links":{"self":[{"href":"https:\/\/hundeschule-foederlach.at\/index.php?rest_route=\/wp\/v2\/pages\/143","targetHints":{"allow":["GET"]}}],"collection":[{"href":"https:\/\/hundeschule-foederlach.at\/index.php?rest_route=\/wp\/v2\/pages"}],"about":[{"href":"https:\/\/hundeschule-foederlach.at\/index.php?rest_route=\/wp\/v2\/types\/page"}],"author":[{"embeddable":true,"href":"https:\/\/hundeschule-foederlach.at\/index.php?rest_route=\/wp\/v2\/users\/1"}],"replies":[{"embeddable":true,"href":"https:\/\/hundeschule-foederlach.at\/index.php?rest_route=%2Fwp%2Fv2%2Fcomments&post=143"}],"version-history":[{"count":27,"href":"https:\/\/hundeschule-foederlach.at\/index.php?rest_route=\/wp\/v2\/pages\/143\/revisions"}],"predecessor-version":[{"id":1654,"href":"https:\/\/hundeschule-foederlach.at\/index.php?rest_route=\/wp\/v2\/pages\/143\/revisions\/1654"}],"wp:attachment":[{"href":"https:\/\/hundeschule-foederlach.at\/index.php?rest_route=%2Fwp%2Fv2%2Fmedia&parent=143"}],"curies":[{"name":"wp","href":"https:\/\/api.w.org\/{rel}","templated":true}]}}